{"id":22,"date":"2014-11-06T18:08:37","date_gmt":"2014-11-06T18:08:37","guid":{"rendered":"http:\/\/www.skuodozut.lt\/?page_id=22"},"modified":"2025-08-28T07:38:18","modified_gmt":"2025-08-28T07:38:18","slug":"prekyba","status":"publish","type":"page","link":"http:\/\/www.skuodozut.lt\/?page_id=22","title":{"rendered":"Prekyba"},"content":{"rendered":"\n<p><strong>Atsargin\u0117s detal\u0117s:<\/strong><\/p>\n\n\n\n<ul>\n<li>Padangos <\/li>\n\n\n\n<li>Guoliai<\/li>\n\n\n\n<li>Trapeciniai dir\u017eai<\/li>\n\n\n\n<li>Gumos dirbiniai<\/li>\n\n\n\n<li>Auk\u0161to spaudimo \u017earnos<\/li>\n\n\n\n<li>Atsargin\u0117s detal\u0117s traktoriams, ma\u0161inoms, kombainams, \u0161ienapjov\u0117ms, pl\u016bgams ir kitai technikai<\/li>\n<\/ul>\n\n\n\n<p><strong>Ved\u0117jas Jonas Petro\u0161ius<\/strong><br>Tel. +370 614 65262<br><strong>Vadybinink\u0117 Irena Zukien\u0117<\/strong><br>Tel. +370 665 14198<br><strong>El. pa\u0161tas:<\/strong>&nbsp;<a href=\"mailto:szut.sandelys@gmail.com\">szut.sandelys@gmail.com<\/a><\/p>\n\n\n\n<p><strong>\u016akin\u0117s prek\u0117s ir statybin\u0117s med\u017eiagos:<\/strong><br><\/p>\n\n\n\n<ul>\n<li>Akumuliatoriai<\/li>\n\n\n\n<li>Autochemija<\/li>\n\n\n\n<li>Var\u017etai<\/li>\n\n\n\n<li>\u012erankiai<\/li>\n\n\n\n<li>Metalai ir jo gaminiai<\/li>\n\n\n\n<li>Da\u017eai<\/li>\n\n\n\n<li>Ap\u0161iltinimo med\u017eiagos<\/li>\n\n\n\n<li>Plytos, statybiniai blokeliai <\/li>\n\n\n\n<li>Cementas<\/li>\n\n\n\n<li>Stogo danga <\/li>\n\n\n\n<li>Stiklas <\/li>\n\n\n\n<li>Plok\u0161t\u0117s <\/li>\n\n\n\n<li>\u016akin\u0117s prek\u0117s <\/li>\n\n\n\n<li>Spec. r\u016bbai<\/li>\n\n\n\n<li>Prie\u0161gaisrin\u0117s priemon\u0117s <\/li>\n\n\n\n<li>\u017dem\u0117s \u016bkio padargai<\/li>\n<\/ul>\n\n\n\n<p><strong>Preki\u0173 \u017einov\u0117 Milda Anu\u017eien\u0117<\/strong><br>Tel. +370 687 20814<br><strong>Sand\u0117lininkas Gintaras Varanavi\u010dius<\/strong><br>Tel. +370 440 51732<br><strong>El. pa\u0161tas:&nbsp;<\/strong>zut.stam@gmail.com<\/p>\n\n\n\n<p><strong>Tr\u0105\u0161os, kietasis kuras, gyvulininkystei skirtos prek\u0117s:<\/strong><br><\/p>\n\n\n\n<ul>\n<li>Fasuotos ir skystos tr\u0105\u0161os<\/li>\n\n\n\n<li>Durp\u0117s, durpi\u0173 substratai<\/li>\n\n\n\n<li>Herbicidai, fungicidai, insekticidai<\/li>\n\n\n\n<li>Kietas kuras: anglis, durpi\u0173 ir pjuven\u0173 briketai, pjuven\u0173 granul\u0117mis, sausos malkos<\/li>\n\n\n\n<li>\u0160ienainio rulonavimo priemon\u0117s <\/li>\n\n\n\n<li>Gyvulininkystei skirtos prek\u0117s: mel\u017eimui, higienai, aptvarams. Druska, kombinuoti pa\u0161arai ir papildai<\/li>\n\n\n\n<li>Sraigtiniai gr\u016bd\u0173 transporteriai bei el. varikliai<\/li>\n\n\n\n<li>Lengv\u0173j\u0173 automobili\u0173 priekabos &#8222;Tiki&#8221; ir &#8222;Brentex&#8221;<\/li>\n\n\n\n<li>&#8222;New holland&#8221; technikai filtrai ir kitos&nbsp; atsargin\u0117s dalys<\/li>\n\n\n\n<li>Deguonis, angliar\u016bg\u0161t\u0117<\/li>\n\n\n\n<li>Sijotas, plautas \u017evyras, granito ir marmuro skalda<\/li>\n<\/ul>\n\n\n\n<p><strong>Ved\u0117jas Petras Ramanauskas<\/strong><br>Tel. +370 678 89784<br><strong>Vadybinink\u0117 Jovita \u0160arpnickien\u0117<\/strong><br>Tel. + 370 440 51656<\/p>\n\n\n\n<p><strong>Gyvul. preki\u0173 u\u017esakymas Irena Zukien\u0117<br><\/strong><\/p>\n\n\n\n<p>Tel. +370 665 14198<br><strong>El. pa\u0161tas:<\/strong>&nbsp;<a href=\"mailto:szut.sandelys@gmail.com\">szut.sandelys@gmail.com<\/a><\/p>\n\n\n\n<p><\/p>\n\n\n\n<p><script>\/\/ <![CDATA[ (function(i,s,o,g,r,a,m){i['GoogleAnalyticsObject']=r;i[r]=i[r]||function(){ (i[r].q=i[r].q||[]).push(arguments)},i[r].l=1*new Date();a=s.createElement(o), m=s.getElementsByTagName(o)[0];a.async=1;a.src=g;m.parentNode.insertBefore(a,m) })(window,document,'script','\/\/www.google-analytics.com\/analytics.js','ga'); ga('create', 'UA-56536366-1', 'auto'); ga('send', 'pageview'); \/\/ ]]><\/script><\/p>\n","protected":false},"excerpt":{"rendered":"<p>Atsargin\u0117s detal\u0117s: Ved\u0117jas Jonas Petro\u0161iusTel. +370 614 65262Vadybinink\u0117 Irena Zukien\u0117Tel. +370 665 14198El. pa\u0161tas:&nbsp;szut.sandelys@gmail.com \u016akin\u0117s prek\u0117s ir statybin\u0117s med\u017eiagos: Preki\u0173 \u017einov\u0117 Milda Anu\u017eien\u0117Tel. +370 687 20814Sand\u0117lininkas Gintaras Varanavi\u010diusTel. +370 440 51732El. pa\u0161tas:&nbsp;zut.stam@gmail.com Tr\u0105\u0161os, kietasis kuras, gyvulininkystei skirtos prek\u0117s: Ved\u0117jas Petras RamanauskasTel. +370 678 89784Vadybinink\u0117 Jovita \u0160arpnickien\u0117Tel. + 370 440 51656 Gyvul. preki\u0173 u\u017esakymas Irena Zukien\u0117&#8230;<\/p>\n","protected":false},"author":1,"featured_media":89,"parent":0,"menu_order":0,"comment_status":"closed","ping_status":"closed","template":"","meta":[],"_links":{"self":[{"href":"http:\/\/www.skuodozut.lt\/index.php?rest_route=\/wp\/v2\/pages\/22"}],"collection":[{"href":"http:\/\/www.skuodozut.lt\/index.php?rest_route=\/wp\/v2\/pages"}],"about":[{"href":"http:\/\/www.skuodozut.lt\/index.php?rest_route=\/wp\/v2\/types\/page"}],"author":[{"embeddable":true,"href":"http:\/\/www.skuodozut.lt\/index.php?rest_route=\/wp\/v2\/users\/1"}],"replies":[{"embeddable":true,"href":"http:\/\/www.skuodozut.lt\/index.php?rest_route=%2Fwp%2Fv2%2Fcomments&post=22"}],"version-history":[{"count":13,"href":"http:\/\/www.skuodozut.lt\/index.php?rest_route=\/wp\/v2\/pages\/22\/revisions"}],"predecessor-version":[{"id":207,"href":"http:\/\/www.skuodozut.lt\/index.php?rest_route=\/wp\/v2\/pages\/22\/revisions\/207"}],"wp:featuredmedia":[{"embeddable":true,"href":"http:\/\/www.skuodozut.lt\/index.php?rest_route=\/wp\/v2\/media\/89"}],"wp:attachment":[{"href":"http:\/\/www.skuodozut.lt\/index.php?rest_route=%2Fwp%2Fv2%2Fmedia&parent=22"}],"curies":[{"name":"wp","href":"https:\/\/api.w.org\/{rel}","templated":true}]}}